{"id":1350,"date":"2021-08-26T09:41:26","date_gmt":"2021-08-26T07:41:26","guid":{"rendered":"https:\/\/www.blanchebirger.fr\/?page_id=1350"},"modified":"2021-09-24T08:01:41","modified_gmt":"2021-09-24T06:01:41","slug":"glory","status":"publish","type":"page","link":"https:\/\/www.blanchebirger.fr\/?page_id=1350","title":{"rendered":"GLORY"},"content":{"rendered":"\n<p class=\"has-medium-font-size\">Optimisez vos op\u00e9rations en esp\u00e8ces avec les solutions Glory<\/p>\n\n\n\n<p><\/p>\n\n\n\n<h2>NOTRE OFFRE<\/h2>\n\n\n\n<h3>Pr\u00e9sentes sur les march\u00e9s de la finance, de la moyenne et grande distribution, des caisses centrales, du casino et des loisirs, nos solutions am\u00e9liorent l&rsquo;efficacit\u00e9 et la s\u00e9curit\u00e9 du personnel, r\u00e9duisent les co\u00fbts d&rsquo;exploitation et permettent une meilleure exp\u00e9rience client.<\/h3>\n\n\n\n<div class=\"wp-block-group\"><div class=\"wp-block-group__inner-container\">\n<hr class=\"wp-block-separator has-text-color has-background has-black-background-color has-black-color is-style-wide\"\/>\n\n\n\n<div style=\"height:100px\" aria-hidden=\"true\" class=\"wp-block-spacer\"><\/div>\n<\/div><\/div>\n\n\n\n<div class=\"wp-block-columns\">\n<div class=\"wp-block-column\">\n<div class=\"wp-block-media-text alignwide is-stacked-on-mobile is-vertically-aligned-center\" style=\"grid-template-columns:47% auto\"><figure class=\"wp-block-media-text__media\"><img loading=\"lazy\" width=\"300\" height=\"187\" src=\"https:\/\/www.blanchebirger.fr\/wp-content\/uploads\/2021\/08\/CI-5-300x187.png\" alt=\"\" class=\"wp-image-1357 size-medium\" srcset=\"https:\/\/www.blanchebirger.fr\/wp-content\/uploads\/2021\/08\/CI-5-300x187.png 300w, https:\/\/www.blanchebirger.fr\/wp-content\/uploads\/2021\/08\/CI-5.png 341w\" sizes=\"(max-width: 300px) 100vw, 300px\" \/><\/figure><div class=\"wp-block-media-text__content\">\n<p><strong>CI-5 &#8211; Solution compact de recyclage des esp\u00e8ces<\/strong><\/p>\n\n\n\n<p>Le CI-5 est une solution compacte de recyclage des esp\u00e8ces pour automatiser la gestion des encaissements.<\/p>\n<\/div><\/div>\n\n\n\n<div class=\"wp-block-buttons is-content-justification-center\"><\/div>\n\n\n\n<div class=\"wp-block-buttons is-content-justification-center\">\n<div class=\"wp-block-button has-custom-font-size has-small-font-size\"><a class=\"wp-block-button__link\" href=\"https:\/\/www.glory-global.com\/fr-fr\/products-and-services\/hardware\/retail-point-of-sale\/ci-5\/\">En savoir plus<\/a><\/div>\n<\/div>\n<\/div>\n\n\n\n<div class=\"wp-block-column\">\n<div class=\"wp-block-columns\">\n<div class=\"wp-block-column\" style=\"flex-basis:100%\">\n<div class=\"wp-block-group\"><div class=\"wp-block-group__inner-container\">\n<div class=\"wp-block-media-text alignwide is-stacked-on-mobile is-vertically-aligned-top\" style=\"grid-template-columns:43% auto\"><figure class=\"wp-block-media-text__media\"><img loading=\"lazy\" width=\"198\" height=\"300\" src=\"https:\/\/www.blanchebirger.fr\/wp-content\/uploads\/2021\/08\/CI-10-2-198x300.png\" alt=\"\" class=\"wp-image-1354 size-medium\" srcset=\"https:\/\/www.blanchebirger.fr\/wp-content\/uploads\/2021\/08\/CI-10-2-198x300.png 198w, https:\/\/www.blanchebirger.fr\/wp-content\/uploads\/2021\/08\/CI-10-2.png 336w\" sizes=\"(max-width: 198px) 100vw, 198px\" \/><\/figure><div class=\"wp-block-media-text__content\">\n<p class=\"has-normal-font-size\"><strong>CI-10 &#8211; Solution compacte de recyclage des esp\u00e8ces<\/strong><\/p>\n\n\n\n<p>Solution compacte de recyclage des esp\u00e8ces pour automatiser et s\u00e9curiser la gestion des esp\u00e8ces au point d&rsquo;encaissement.<\/p>\n\n\n\n<div class=\"wp-block-columns\">\n<div class=\"wp-block-column\" style=\"flex-basis:100%\">\n<div class=\"wp-block-buttons is-content-justification-center\">\n<div class=\"wp-block-button has-custom-font-size has-small-font-size\"><a class=\"wp-block-button__link\" href=\"https:\/\/www.glory-global.com\/fr-fr\/products-and-services\/hardware\/retail-point-of-sale\/ci-10\/\">En savoir plus<\/a><\/div>\n<\/div>\n<\/div>\n<\/div>\n\n\n\n<div class=\"wp-block-buttons is-content-justification-center\"><\/div>\n<\/div><\/div>\n<\/div><\/div>\n<\/div>\n<\/div>\n<\/div>\n<\/div>\n\n\n\n<div class=\"wp-block-columns\">\n<div class=\"wp-block-column\">\n<div class=\"wp-block-media-text alignwide is-stacked-on-mobile\"><figure class=\"wp-block-media-text__media\"><img loading=\"lazy\" width=\"233\" height=\"300\" src=\"https:\/\/www.blanchebirger.fr\/wp-content\/uploads\/2021\/08\/CI-50-1-233x300.png\" alt=\"\" class=\"wp-image-1364 size-medium\" srcset=\"https:\/\/www.blanchebirger.fr\/wp-content\/uploads\/2021\/08\/CI-50-1-233x300.png 233w, https:\/\/www.blanchebirger.fr\/wp-content\/uploads\/2021\/08\/CI-50-1.png 330w\" sizes=\"(max-width: 233px) 100vw, 233px\" \/><\/figure><div class=\"wp-block-media-text__content\">\n<p class=\"has-normal-font-size\"><strong>CI-50 &#8211; Front-office<\/strong><\/p>\n\n\n\n<p> Solution compacte de recyclage des esp\u00e8ces pour automatiser et s\u00e9curiser la gestion des esp\u00e8ces au point de vente. <\/p>\n<\/div><\/div>\n\n\n\n<div class=\"wp-block-buttons is-content-justification-center\">\n<div class=\"wp-block-button has-custom-font-size is-style-fill has-small-font-size\"><a class=\"wp-block-button__link\" href=\"https:\/\/www.glory-global.com\/fr-fr\/products-and-services\/hardware\/retail-point-of-sale\/ci-50-front-office\/\">En savoir plus<\/a><\/div>\n<\/div>\n<\/div>\n\n\n\n<div class=\"wp-block-column\">\n<div class=\"wp-block-media-text alignwide is-stacked-on-mobile\" style=\"grid-template-columns:36% auto\"><figure class=\"wp-block-media-text__media\"><img loading=\"lazy\" width=\"173\" height=\"300\" src=\"https:\/\/www.blanchebirger.fr\/wp-content\/uploads\/2021\/08\/CI-50B-173x300.png\" alt=\"\" class=\"wp-image-1366 size-medium\" srcset=\"https:\/\/www.blanchebirger.fr\/wp-content\/uploads\/2021\/08\/CI-50B-173x300.png 173w, https:\/\/www.blanchebirger.fr\/wp-content\/uploads\/2021\/08\/CI-50B.png 283w\" sizes=\"(max-width: 173px) 100vw, 173px\" \/><\/figure><div class=\"wp-block-media-text__content\">\n<p class=\"has-normal-font-size\"><strong>CI-50B &#8211; Solution de recyclage des billets<\/strong><\/p>\n\n\n\n<p> Solution compacte de recyclage des esp\u00e8ces pour automatiser et s\u00e9curiser la gestion des esp\u00e8ces au point de vente.  <\/p>\n<\/div><\/div>\n\n\n\n<div class=\"wp-block-buttons is-content-justification-center\">\n<div class=\"wp-block-button has-custom-font-size is-style-fill has-small-font-size\"><a class=\"wp-block-button__link\" href=\"https:\/\/www.glory-global.com\/fr-fr\/products-and-services\/hardware\/retail-point-of-sale\/ci-50b\/\">En savoir plus<\/a><\/div>\n<\/div>\n\n\n\n<p><\/p>\n<\/div>\n<\/div>\n\n\n\n<p><\/p>\n","protected":false},"excerpt":{"rendered":"<p>Optimisez vos op\u00e9rations en esp\u00e8ces avec les solutions Glory NOTRE OFFRE Pr\u00e9sentes sur les march\u00e9s de la finance, de la moyenne et grande distribution, des caisses centrales, du casino et des loisirs, nos solutions am\u00e9liorent l&rsquo;efficacit\u00e9 et la s\u00e9curit\u00e9 du personnel, r\u00e9duisent les co\u00fbts d&rsquo;exploitation et permettent une meilleure exp\u00e9rience client. CI-5 &#8211; Solution compact&hellip; <br \/> <a class=\"read-more\" href=\"https:\/\/www.blanchebirger.fr\/?page_id=1350\">Lire la suite<\/a><\/p>\n","protected":false},"author":2,"featured_media":0,"parent":0,"menu_order":0,"comment_status":"closed","ping_status":"closed","template":"elementor_canvas","meta":[],"yoast_head":"<!-- This site is optimized with the Yoast SEO plugin v18.8 - https:\/\/yoast.com\/wordpress\/plugins\/seo\/ -->\n<title>GLORY - Groupe Blanche Entreprises<\/title>\n<meta name=\"robots\" content=\"index, follow, max-snippet:-1, max-image-preview:large, max-video-preview:-1\" \/>\n<link rel=\"canonical\" href=\"https:\/\/www.blanchebirger.fr\/?page_id=1350\" \/>\n<meta property=\"og:locale\" content=\"fr_FR\" \/>\n<meta property=\"og:type\" content=\"article\" \/>\n<meta property=\"og:title\" content=\"GLORY - Groupe Blanche Entreprises\" \/>\n<meta property=\"og:description\" content=\"Optimisez vos op\u00e9rations en esp\u00e8ces avec les solutions Glory NOTRE OFFRE Pr\u00e9sentes sur les march\u00e9s de la finance, de la moyenne et grande distribution, des caisses centrales, du casino et des loisirs, nos solutions am\u00e9liorent l&rsquo;efficacit\u00e9 et la s\u00e9curit\u00e9 du personnel, r\u00e9duisent les co\u00fbts d&rsquo;exploitation et permettent une meilleure exp\u00e9rience client. CI-5 &#8211; Solution compact&hellip; Lire la suite\" \/>\n<meta property=\"og:url\" content=\"https:\/\/www.blanchebirger.fr\/?page_id=1350\" \/>\n<meta property=\"og:site_name\" content=\"Groupe Blanche Entreprises\" \/>\n<meta property=\"article:modified_time\" content=\"2021-09-24T06:01:41+00:00\" \/>\n<meta property=\"og:image\" content=\"https:\/\/www.blanchebirger.fr\/wp-content\/uploads\/2021\/08\/CI-5-300x187.png\" \/>\n<meta name=\"twitter:card\" content=\"summary_large_image\" \/>\n<meta name=\"twitter:label1\" content=\"Dur\u00e9e de lecture estim\u00e9e\" \/>\n\t<meta name=\"twitter:data1\" content=\"1 minute\" \/>\n<script type=\"application\/ld+json\" class=\"yoast-schema-graph\">{\"@context\":\"https:\/\/schema.org\",\"@graph\":[{\"@type\":\"WebSite\",\"@id\":\"https:\/\/www.blanchebirger.fr\/#website\",\"url\":\"https:\/\/www.blanchebirger.fr\/\",\"name\":\"Groupe Blanche Entreprises\",\"description\":\"\",\"potentialAction\":[{\"@type\":\"SearchAction\",\"target\":{\"@type\":\"EntryPoint\",\"urlTemplate\":\"https:\/\/www.blanchebirger.fr\/?s={search_term_string}\"},\"query-input\":\"required name=search_term_string\"}],\"inLanguage\":\"fr-FR\"},{\"@type\":\"ImageObject\",\"inLanguage\":\"fr-FR\",\"@id\":\"https:\/\/www.blanchebirger.fr\/?page_id=1350#primaryimage\",\"url\":\"https:\/\/www.blanchebirger.fr\/wp-content\/uploads\/2021\/08\/CI-5.png\",\"contentUrl\":\"https:\/\/www.blanchebirger.fr\/wp-content\/uploads\/2021\/08\/CI-5.png\",\"width\":341,\"height\":213},{\"@type\":\"WebPage\",\"@id\":\"https:\/\/www.blanchebirger.fr\/?page_id=1350#webpage\",\"url\":\"https:\/\/www.blanchebirger.fr\/?page_id=1350\",\"name\":\"GLORY - Groupe Blanche Entreprises\",\"isPartOf\":{\"@id\":\"https:\/\/www.blanchebirger.fr\/#website\"},\"primaryImageOfPage\":{\"@id\":\"https:\/\/www.blanchebirger.fr\/?page_id=1350#primaryimage\"},\"datePublished\":\"2021-08-26T07:41:26+00:00\",\"dateModified\":\"2021-09-24T06:01:41+00:00\",\"breadcrumb\":{\"@id\":\"https:\/\/www.blanchebirger.fr\/?page_id=1350#breadcrumb\"},\"inLanguage\":\"fr-FR\",\"potentialAction\":[{\"@type\":\"ReadAction\",\"target\":[\"https:\/\/www.blanchebirger.fr\/?page_id=1350\"]}]},{\"@type\":\"BreadcrumbList\",\"@id\":\"https:\/\/www.blanchebirger.fr\/?page_id=1350#breadcrumb\",\"itemListElement\":[{\"@type\":\"ListItem\",\"position\":1,\"name\":\"Accueil\",\"item\":\"https:\/\/www.blanchebirger.fr\/\"},{\"@type\":\"ListItem\",\"position\":2,\"name\":\"GLORY\"}]}]}<\/script>\n<!-- \/ Yoast SEO plugin. -->","yoast_head_json":{"title":"GLORY - Groupe Blanche Entreprises","robots":{"index":"index","follow":"follow","max-snippet":"max-snippet:-1","max-image-preview":"max-image-preview:large","max-video-preview":"max-video-preview:-1"},"canonical":"https:\/\/www.blanchebirger.fr\/?page_id=1350","og_locale":"fr_FR","og_type":"article","og_title":"GLORY - Groupe Blanche Entreprises","og_description":"Optimisez vos op\u00e9rations en esp\u00e8ces avec les solutions Glory NOTRE OFFRE Pr\u00e9sentes sur les march\u00e9s de la finance, de la moyenne et grande distribution, des caisses centrales, du casino et des loisirs, nos solutions am\u00e9liorent l&rsquo;efficacit\u00e9 et la s\u00e9curit\u00e9 du personnel, r\u00e9duisent les co\u00fbts d&rsquo;exploitation et permettent une meilleure exp\u00e9rience client. CI-5 &#8211; Solution compact&hellip; Lire la suite","og_url":"https:\/\/www.blanchebirger.fr\/?page_id=1350","og_site_name":"Groupe Blanche Entreprises","article_modified_time":"2021-09-24T06:01:41+00:00","og_image":[{"url":"https:\/\/www.blanchebirger.fr\/wp-content\/uploads\/2021\/08\/CI-5-300x187.png"}],"twitter_card":"summary_large_image","twitter_misc":{"Dur\u00e9e de lecture estim\u00e9e":"1 minute"},"schema":{"@context":"https:\/\/schema.org","@graph":[{"@type":"WebSite","@id":"https:\/\/www.blanchebirger.fr\/#website","url":"https:\/\/www.blanchebirger.fr\/","name":"Groupe Blanche Entreprises","description":"","potentialAction":[{"@type":"SearchAction","target":{"@type":"EntryPoint","urlTemplate":"https:\/\/www.blanchebirger.fr\/?s={search_term_string}"},"query-input":"required name=search_term_string"}],"inLanguage":"fr-FR"},{"@type":"ImageObject","inLanguage":"fr-FR","@id":"https:\/\/www.blanchebirger.fr\/?page_id=1350#primaryimage","url":"https:\/\/www.blanchebirger.fr\/wp-content\/uploads\/2021\/08\/CI-5.png","contentUrl":"https:\/\/www.blanchebirger.fr\/wp-content\/uploads\/2021\/08\/CI-5.png","width":341,"height":213},{"@type":"WebPage","@id":"https:\/\/www.blanchebirger.fr\/?page_id=1350#webpage","url":"https:\/\/www.blanchebirger.fr\/?page_id=1350","name":"GLORY - Groupe Blanche Entreprises","isPartOf":{"@id":"https:\/\/www.blanchebirger.fr\/#website"},"primaryImageOfPage":{"@id":"https:\/\/www.blanchebirger.fr\/?page_id=1350#primaryimage"},"datePublished":"2021-08-26T07:41:26+00:00","dateModified":"2021-09-24T06:01:41+00:00","breadcrumb":{"@id":"https:\/\/www.blanchebirger.fr\/?page_id=1350#breadcrumb"},"inLanguage":"fr-FR","potentialAction":[{"@type":"ReadAction","target":["https:\/\/www.blanchebirger.fr\/?page_id=1350"]}]},{"@type":"BreadcrumbList","@id":"https:\/\/www.blanchebirger.fr\/?page_id=1350#breadcrumb","itemListElement":[{"@type":"ListItem","position":1,"name":"Accueil","item":"https:\/\/www.blanchebirger.fr\/"},{"@type":"ListItem","position":2,"name":"GLORY"}]}]}},"uagb_featured_image_src":{"full":false,"thumbnail":false,"medium":false,"medium_large":false,"large":false,"1536x1536":false,"2048x2048":false,"post-thumbnail":false,"mesmerize-full-hd":false},"uagb_author_info":{"display_name":"Gabin MOUGIN","author_link":"https:\/\/www.blanchebirger.fr\/?author=2"},"uagb_comment_info":0,"uagb_excerpt":"Optimisez vos op\u00e9rations en esp\u00e8ces avec les solutions Glory NOTRE OFFRE Pr\u00e9sentes sur les march\u00e9s de la finance, de la moyenne et grande distribution, des caisses centrales, du casino et des loisirs, nos solutions am\u00e9liorent l&rsquo;efficacit\u00e9 et la s\u00e9curit\u00e9 du personnel, r\u00e9duisent les co\u00fbts d&rsquo;exploitation et permettent une meilleure exp\u00e9rience client. CI-5 &#8211; Solution compact&hellip;\u2026","_links":{"self":[{"href":"https:\/\/www.blanchebirger.fr\/index.php?rest_route=\/wp\/v2\/pages\/1350"}],"collection":[{"href":"https:\/\/www.blanchebirger.fr\/index.php?rest_route=\/wp\/v2\/pages"}],"about":[{"href":"https:\/\/www.blanchebirger.fr\/index.php?rest_route=\/wp\/v2\/types\/page"}],"author":[{"embeddable":true,"href":"https:\/\/www.blanchebirger.fr\/index.php?rest_route=\/wp\/v2\/users\/2"}],"replies":[{"embeddable":true,"href":"https:\/\/www.blanchebirger.fr\/index.php?rest_route=%2Fwp%2Fv2%2Fcomments&post=1350"}],"version-history":[{"count":15,"href":"https:\/\/www.blanchebirger.fr\/index.php?rest_route=\/wp\/v2\/pages\/1350\/revisions"}],"predecessor-version":[{"id":1537,"href":"https:\/\/www.blanchebirger.fr\/index.php?rest_route=\/wp\/v2\/pages\/1350\/revisions\/1537"}],"wp:attachment":[{"href":"https:\/\/www.blanchebirger.fr\/index.php?rest_route=%2Fwp%2Fv2%2Fmedia&parent=1350"}],"curies":[{"name":"wp","href":"https:\/\/api.w.org\/{rel}","templated":true}]}}